{"id":4,"date":"2021-05-20T18:24:38","date_gmt":"2021-05-20T18:24:38","guid":{"rendered":"http:\/\/sv-medizin-stralsund.de\/?page_id=4"},"modified":"2026-04-16T16:36:07","modified_gmt":"2026-04-16T16:36:07","slug":"sv-medizin-stralsund","status":"publish","type":"page","link":"http:\/\/sv-medizin-stralsund.de\/","title":{"rendered":"SV Medizin Stralsund e.V."},"content":{"rendered":"\n<p class=\"has-medium-font-size\"><\/p>\n\n\n\n<p class=\"has-medium-font-size\">Liebe Sportfreundin, lieber Sportfreund, <\/p>\n\n\n\n<p class=\"has-medium-font-size\">der Fr\u00fchling steht vor der T\u00fcr. Unsere Sportgruppen \u00fcben auf Hochtouren. <\/p>\n\n\n\n<p class=\"has-medium-font-size\">Die Gesch\u00e4ftsstelle ist mittwochs ge\u00f6ffnet. F\u00fcr eine telefonische Kontaktaufnahme nur die Telefonnummer (03831) 4 44 77 77 benutzen. Die Annahme von neuen REHA-Verordnungen ist nur vereinzelt in ausgew\u00e4hlten Gruppen m\u00f6glich. N\u00e4here Informationen gibt es telefonisch oder in der Gesch\u00e4ftsstelle.<\/p>\n\n\n\n<p class=\"has-medium-font-size\">Mit freundlichem Gru\u00df<\/p>\n\n\n\n<p class=\"has-medium-font-size\">Dr. Georg Weckbach<\/p>\n\n\n\n<p class=\"has-medium-font-size\">Vorsitzender<\/p>\n","protected":false},"excerpt":{"rendered":"<p>Liebe Sportfreundin, lieber Sportfreund, der Fr\u00fchling steht vor der T\u00fcr. Unsere Sportgruppen \u00fcben auf Hochtouren. Die Gesch\u00e4ftsstelle ist mittwochs ge\u00f6ffnet. F\u00fcr eine telefonische Kontaktaufnahme nur die Telefonnummer (03831) 4 44 77 77 benutzen. Die Annahme von neuen REHA-Verordnungen ist nur&#8230; <a href=\"http:\/\/sv-medizin-stralsund.de\/\" class=\"readmore\">Read more<span class=\"screen-reader-text\">SV Medizin Stralsund e.V.<\/span><span class=\"fa fa-angle-double-right\" aria-hidden=\"true\"><\/span><\/a><\/p>\n","protected":false},"author":1,"featured_media":158,"parent":0,"menu_order":0,"comment_status":"closed","ping_status":"closed","template":"","meta":{"footnotes":""},"class_list":["post-4","page","type-page","status-publish","has-post-thumbnail","hentry"],"_links":{"self":[{"href":"http:\/\/sv-medizin-stralsund.de\/index.php?rest_route=\/wp\/v2\/pages\/4","targetHints":{"allow":["GET"]}}],"collection":[{"href":"http:\/\/sv-medizin-stralsund.de\/index.php?rest_route=\/wp\/v2\/pages"}],"about":[{"href":"http:\/\/sv-medizin-stralsund.de\/index.php?rest_route=\/wp\/v2\/types\/page"}],"author":[{"embeddable":true,"href":"http:\/\/sv-medizin-stralsund.de\/index.php?rest_route=\/wp\/v2\/users\/1"}],"replies":[{"embeddable":true,"href":"http:\/\/sv-medizin-stralsund.de\/index.php?rest_route=%2Fwp%2Fv2%2Fcomments&post=4"}],"version-history":[{"count":175,"href":"http:\/\/sv-medizin-stralsund.de\/index.php?rest_route=\/wp\/v2\/pages\/4\/revisions"}],"predecessor-version":[{"id":1675,"href":"http:\/\/sv-medizin-stralsund.de\/index.php?rest_route=\/wp\/v2\/pages\/4\/revisions\/1675"}],"wp:featuredmedia":[{"embeddable":true,"href":"http:\/\/sv-medizin-stralsund.de\/index.php?rest_route=\/wp\/v2\/media\/158"}],"wp:attachment":[{"href":"http:\/\/sv-medizin-stralsund.de\/index.php?rest_route=%2Fwp%2Fv2%2Fmedia&parent=4"}],"curies":[{"name":"wp","href":"https:\/\/api.w.org\/{rel}","templated":true}]}}